{"id":17,"date":"2026-03-12T18:16:03","date_gmt":"2026-03-12T09:16:03","guid":{"rendered":"https:\/\/adiosestupenda.com\/?page_id=17"},"modified":"2026-03-12T18:27:11","modified_gmt":"2026-03-12T09:27:11","slug":"sobre-mi","status":"publish","type":"page","link":"https:\/\/adiosestupenda.com\/?page_id=17","title":{"rendered":"Sobre M\u00ed"},"content":{"rendered":"\n<h2 class=\"wp-block-heading\">El ahogo de una visi\u00f3n estrecha<\/h2>\n\n\n\n<p>Pasados los 40 a\u00f1os, mi forma de pensar se hab\u00eda vuelto r\u00edgida y mi perspectiva del mundo se hab\u00eda estrechado peligrosamente. Encerrada en los l\u00edmites de ser \u00abesposa\u00bb y \u00abmadre\u00bb, me aferraba desesperadamente a la idea de ser la mujer perfecta. En mi intento de sobrevivir a toda costa, termin\u00e9 asfixiando a las personas que m\u00e1s quer\u00eda.<\/p>\n\n\n\n<p>Al ver las vidas impecables de otras madres en las redes sociales, me castigaba y me hund\u00eda en la culpa por no poder controlar mi temperamento o por no poder darles un entorno a\u00fan mejor a mis hijos. Me impon\u00eda constantemente esa medida cruel y eternamente inalcanzable de ser <em>\u00abLa Mujer Estupenda\u00bb<\/em>. Me estaba consumiendo d\u00eda a d\u00eda. Aquello no era vivir, era morir lentamente.<\/p>\n\n\n\n<h2 class=\"wp-block-heading\">El punto de inflexi\u00f3n: \u00abTodo pasa por mi propio filtro\u00bb<\/h2>\n\n\n\n<p>Un d\u00eda, tras tocar fondo, lo entend\u00ed.<\/p>\n\n\n\n<p>No era que una frase de mi marido o un comportamiento de mis hijos me hicieran sentir mal. El problema real era <strong>mi propio filtro<\/strong> mental; la forma en que yo interpretaba esos eventos de forma puramente negativa.<\/p>\n\n\n\n<p>Al girar mi mirada hacia el exterior, aprendiendo del mundo y explorando estrategias de negocio, mi perspectiva se ampli\u00f3. Descubr\u00ed que esa era la <em>\u00abverdadera forma de vivir\u00bb<\/em>, la \u00fanica manera en la que tanto yo, como mi marido y mis hijos, pod\u00edamos no solo sobrevivir, sino florecer.<\/p>\n\n\n\n<h2 class=\"wp-block-heading\">Mi Misi\u00f3n: Destruir la ilusi\u00f3n de la perfecci\u00f3n<\/h2>\n\n\n\n<p>Me di cuenta de que t\u00edtulos como \u00abla mejor madre\u00bb o \u00abla profesional perfecta\u00bb no son m\u00e1s que ilusiones da\u00f1inas. Cuando solt\u00e9 completamente esos t\u00edtulos, sorprendentemente dej\u00e9 de sentirme culpable con mis hijos.<\/p>\n\n\n\n<p>Hoy en d\u00eda, mi \u00fanica filosof\u00eda es esta: <strong>\u00ab\u00a1Solo hazlo!\u00bb (\u00a1Deja las excusas!)<\/strong>.<\/p>\n\n\n\n<p>Sin excusas. Intento ser un 1% m\u00e1s amable que ayer. Intento mirar a mis hijos a los ojos una vez m\u00e1s que ayer. Acepto que soy imperfecta, pero me esfuerzo por mejorar un poco cada d\u00eda.<\/p>\n\n\n\n<p>Este espacio, <strong>\u300eAdi\u00f3s, Estupenda\u300f<\/strong>, es el registro de mi lucha constante por esa supervivencia y, al mismo tiempo, la metodolog\u00eda metodol\u00f3gica para cambiar tus filtros mentales y volver a ser la protagonista de tu propia vida.<\/p>\n\n\n\n<h3 class=\"wp-block-heading\">Las 3 armas que compartir\u00e9 contigo aqu\u00ed:<\/h3>\n\n\n\n<ul class=\"wp-block-list\">\n<li><strong>Maternidad Real:<\/strong> Pr\u00e1cticas para eliminar el filtro de la culpa y amar a tus hijos, y a ti misma, exactamente como sois.<\/li>\n<li><strong>Trabajo y Vida (Supervivencia profesional):<\/strong> C\u00f3mo romper el pensamiento r\u00edgido, mirar hacia afuera, aprender del mundo y recuperar el control.<\/li>\n<li><strong>Paz Mental:<\/strong> La actitud transformadora de aceptar que todo lo que sucede en a tu alrededor ocurre, en realidad, <em>\u00aba favor de ti\u00bb<\/em>.<\/li>\n<\/ul>\n\n\n\n<h2 class=\"wp-block-heading\">Tu turno (Llamada a la acci\u00f3n)<\/h2>\n\n\n\n<p>Escapa ya de ese c\u00edrculo vicioso de intentar controlarlo todo a tu alrededor para sentirte \u00abperfecta\u00bb.<br>Si cambias tu filtro, el mundo cambia.<\/p>\n\n\n\n<p>\u00bfEst\u00e1s lista para empezar el viaje de salvarte a ti misma y a tu familia?<\/p>\n\n\n\n<p><strong>\u00danete a la comunidad de la rebeli\u00f3n:<\/strong> Aquellas que destruyen su visi\u00f3n estrecha del mundo. Suscr\u00edbete al bolet\u00edn a continuaci\u00f3n, y te acompa\u00f1ar\u00e9 en tu viaje para ser un 1% mejor que ayer.<\/p>\n","protected":false},"excerpt":{"rendered":"<p>El ahogo de una visi\u00f3n estrecha Pasados los 40 a\u00f1os, mi forma de pensar se hab\u00eda vuelto r\u00edgida y mi perspectiva del mundo se hab\u00eda estrechado peligrosamente. Encerrada en los l\u00edmites de ser \u00abesposa\u00bb y \u00abmadre\u00bb, me aferraba desesperadamente a la idea de ser la mujer perfecta. En mi intento de sobrevivir a toda costa, &#8230; <a title=\"Sobre M\u00ed\" class=\"read-more\" href=\"https:\/\/adiosestupenda.com\/?page_id=17\" aria-label=\"Leer m\u00e1s sobre Sobre M\u00ed\">Leer m\u00e1s<\/a><\/p>\n","protected":false},"author":0,"featured_media":0,"parent":0,"menu_order":0,"comment_status":"closed","ping_status":"closed","template":"","meta":{"_acf_changed":false,"footnotes":""},"class_list":["post-17","page","type-page","status-publish"],"acf":[],"yoast_head":"<!-- This site is optimized with the Yoast SEO plugin v27.4 - https:\/\/yoast.com\/product\/yoast-seo-wordpress\/ -->\n<title>Sobre M\u00ed - Adi\u00f3s, Estupenda<\/title>\n<meta name=\"robots\" content=\"index, follow, max-snippet:-1, max-image-preview:large, max-video-preview:-1\" \/>\n<link rel=\"canonical\" href=\"https:\/\/adiosestupenda.com\/?page_id=17\" \/>\n<meta property=\"og:locale\" content=\"es_ES\" \/>\n<meta property=\"og:type\" content=\"article\" \/>\n<meta property=\"og:title\" content=\"Sobre M\u00ed - Adi\u00f3s, Estupenda\" \/>\n<meta property=\"og:description\" content=\"El ahogo de una visi\u00f3n estrecha Pasados los 40 a\u00f1os, mi forma de pensar se hab\u00eda vuelto r\u00edgida y mi perspectiva del mundo se hab\u00eda estrechado peligrosamente. Encerrada en los l\u00edmites de ser \u00abesposa\u00bb y \u00abmadre\u00bb, me aferraba desesperadamente a la idea de ser la mujer perfecta. En mi intento de sobrevivir a toda costa, ... Leer m\u00e1s\" \/>\n<meta property=\"og:url\" content=\"https:\/\/adiosestupenda.com\/?page_id=17\" \/>\n<meta property=\"og:site_name\" content=\"Adi\u00f3s, Estupenda\" \/>\n<meta property=\"article:modified_time\" content=\"2026-03-12T09:27:11+00:00\" \/>\n<meta name=\"twitter:card\" content=\"summary_large_image\" \/>\n<meta name=\"twitter:label1\" content=\"Tiempo de lectura\" \/>\n\t<meta name=\"twitter:data1\" content=\"3 minutos\" \/>\n<script type=\"application\/ld+json\" class=\"yoast-schema-graph\">{\"@context\":\"https:\\\/\\\/schema.org\",\"@graph\":[{\"@type\":\"WebPage\",\"@id\":\"https:\\\/\\\/adiosestupenda.com\\\/?page_id=17\",\"url\":\"https:\\\/\\\/adiosestupenda.com\\\/?page_id=17\",\"name\":\"Sobre M\u00ed - Adi\u00f3s, Estupenda\",\"isPartOf\":{\"@id\":\"https:\\\/\\\/adiosestupenda.com\\\/#website\"},\"datePublished\":\"2026-03-12T09:16:03+00:00\",\"dateModified\":\"2026-03-12T09:27:11+00:00\",\"breadcrumb\":{\"@id\":\"https:\\\/\\\/adiosestupenda.com\\\/?page_id=17#breadcrumb\"},\"inLanguage\":\"es\",\"potentialAction\":[{\"@type\":\"ReadAction\",\"target\":[\"https:\\\/\\\/adiosestupenda.com\\\/?page_id=17\"]}]},{\"@type\":\"BreadcrumbList\",\"@id\":\"https:\\\/\\\/adiosestupenda.com\\\/?page_id=17#breadcrumb\",\"itemListElement\":[{\"@type\":\"ListItem\",\"position\":1,\"name\":\"Home\",\"item\":\"https:\\\/\\\/adiosestupenda.com\\\/\"},{\"@type\":\"ListItem\",\"position\":2,\"name\":\"Sobre M\u00ed\"}]},{\"@type\":\"WebSite\",\"@id\":\"https:\\\/\\\/adiosestupenda.com\\\/#website\",\"url\":\"https:\\\/\\\/adiosestupenda.com\\\/\",\"name\":\"Adi\u00f3s, Estupenda\",\"description\":\"Tu vida, tus reglas, sin perfecci\u00f3n\",\"publisher\":{\"@id\":\"https:\\\/\\\/adiosestupenda.com\\\/#organization\"},\"potentialAction\":[{\"@type\":\"SearchAction\",\"target\":{\"@type\":\"EntryPoint\",\"urlTemplate\":\"https:\\\/\\\/adiosestupenda.com\\\/?s={search_term_string}\"},\"query-input\":{\"@type\":\"PropertyValueSpecification\",\"valueRequired\":true,\"valueName\":\"search_term_string\"}}],\"inLanguage\":\"es\"},{\"@type\":\"Organization\",\"@id\":\"https:\\\/\\\/adiosestupenda.com\\\/#organization\",\"name\":\"Adi\u00f3s, Estupenda\",\"url\":\"https:\\\/\\\/adiosestupenda.com\\\/\",\"logo\":{\"@type\":\"ImageObject\",\"inLanguage\":\"es\",\"@id\":\"https:\\\/\\\/adiosestupenda.com\\\/#\\\/schema\\\/logo\\\/image\\\/\",\"url\":\"https:\\\/\\\/adiosestupenda.com\\\/wp-content\\\/uploads\\\/2026\\\/03\\\/cropped-adios_estupenda_logo_v3_neon_1773293385053.png\",\"contentUrl\":\"https:\\\/\\\/adiosestupenda.com\\\/wp-content\\\/uploads\\\/2026\\\/03\\\/cropped-adios_estupenda_logo_v3_neon_1773293385053.png\",\"width\":640,\"height\":256,\"caption\":\"Adi\u00f3s, Estupenda\"},\"image\":{\"@id\":\"https:\\\/\\\/adiosestupenda.com\\\/#\\\/schema\\\/logo\\\/image\\\/\"}}]}<\/script>\n<!-- \/ Yoast SEO plugin. -->","yoast_head_json":{"title":"Sobre M\u00ed - Adi\u00f3s, Estupenda","robots":{"index":"index","follow":"follow","max-snippet":"max-snippet:-1","max-image-preview":"max-image-preview:large","max-video-preview":"max-video-preview:-1"},"canonical":"https:\/\/adiosestupenda.com\/?page_id=17","og_locale":"es_ES","og_type":"article","og_title":"Sobre M\u00ed - Adi\u00f3s, Estupenda","og_description":"El ahogo de una visi\u00f3n estrecha Pasados los 40 a\u00f1os, mi forma de pensar se hab\u00eda vuelto r\u00edgida y mi perspectiva del mundo se hab\u00eda estrechado peligrosamente. Encerrada en los l\u00edmites de ser \u00abesposa\u00bb y \u00abmadre\u00bb, me aferraba desesperadamente a la idea de ser la mujer perfecta. En mi intento de sobrevivir a toda costa, ... Leer m\u00e1s","og_url":"https:\/\/adiosestupenda.com\/?page_id=17","og_site_name":"Adi\u00f3s, Estupenda","article_modified_time":"2026-03-12T09:27:11+00:00","twitter_card":"summary_large_image","twitter_misc":{"Tiempo de lectura":"3 minutos"},"schema":{"@context":"https:\/\/schema.org","@graph":[{"@type":"WebPage","@id":"https:\/\/adiosestupenda.com\/?page_id=17","url":"https:\/\/adiosestupenda.com\/?page_id=17","name":"Sobre M\u00ed - Adi\u00f3s, Estupenda","isPartOf":{"@id":"https:\/\/adiosestupenda.com\/#website"},"datePublished":"2026-03-12T09:16:03+00:00","dateModified":"2026-03-12T09:27:11+00:00","breadcrumb":{"@id":"https:\/\/adiosestupenda.com\/?page_id=17#breadcrumb"},"inLanguage":"es","potentialAction":[{"@type":"ReadAction","target":["https:\/\/adiosestupenda.com\/?page_id=17"]}]},{"@type":"BreadcrumbList","@id":"https:\/\/adiosestupenda.com\/?page_id=17#breadcrumb","itemListElement":[{"@type":"ListItem","position":1,"name":"Home","item":"https:\/\/adiosestupenda.com\/"},{"@type":"ListItem","position":2,"name":"Sobre M\u00ed"}]},{"@type":"WebSite","@id":"https:\/\/adiosestupenda.com\/#website","url":"https:\/\/adiosestupenda.com\/","name":"Adi\u00f3s, Estupenda","description":"Tu vida, tus reglas, sin perfecci\u00f3n","publisher":{"@id":"https:\/\/adiosestupenda.com\/#organization"},"potentialAction":[{"@type":"SearchAction","target":{"@type":"EntryPoint","urlTemplate":"https:\/\/adiosestupenda.com\/?s={search_term_string}"},"query-input":{"@type":"PropertyValueSpecification","valueRequired":true,"valueName":"search_term_string"}}],"inLanguage":"es"},{"@type":"Organization","@id":"https:\/\/adiosestupenda.com\/#organization","name":"Adi\u00f3s, Estupenda","url":"https:\/\/adiosestupenda.com\/","logo":{"@type":"ImageObject","inLanguage":"es","@id":"https:\/\/adiosestupenda.com\/#\/schema\/logo\/image\/","url":"https:\/\/adiosestupenda.com\/wp-content\/uploads\/2026\/03\/cropped-adios_estupenda_logo_v3_neon_1773293385053.png","contentUrl":"https:\/\/adiosestupenda.com\/wp-content\/uploads\/2026\/03\/cropped-adios_estupenda_logo_v3_neon_1773293385053.png","width":640,"height":256,"caption":"Adi\u00f3s, Estupenda"},"image":{"@id":"https:\/\/adiosestupenda.com\/#\/schema\/logo\/image\/"}}]}},"_hostinger_reach_plugin_has_subscription_block":false,"_hostinger_reach_plugin_is_elementor":false,"_links":{"self":[{"href":"https:\/\/adiosestupenda.com\/index.php?rest_route=\/wp\/v2\/pages\/17","targetHints":{"allow":["GET"]}}],"collection":[{"href":"https:\/\/adiosestupenda.com\/index.php?rest_route=\/wp\/v2\/pages"}],"about":[{"href":"https:\/\/adiosestupenda.com\/index.php?rest_route=\/wp\/v2\/types\/page"}],"replies":[{"embeddable":true,"href":"https:\/\/adiosestupenda.com\/index.php?rest_route=%2Fwp%2Fv2%2Fcomments&post=17"}],"version-history":[{"count":1,"href":"https:\/\/adiosestupenda.com\/index.php?rest_route=\/wp\/v2\/pages\/17\/revisions"}],"predecessor-version":[{"id":23,"href":"https:\/\/adiosestupenda.com\/index.php?rest_route=\/wp\/v2\/pages\/17\/revisions\/23"}],"wp:attachment":[{"href":"https:\/\/adiosestupenda.com\/index.php?rest_route=%2Fwp%2Fv2%2Fmedia&parent=17"}],"curies":[{"name":"wp","href":"https:\/\/api.w.org\/{rel}","templated":true}]}}