{"id":16,"date":"2026-03-12T18:16:03","date_gmt":"2026-03-12T09:16:03","guid":{"rendered":"https:\/\/adiosestupenda.com\/?page_id=16"},"modified":"2026-03-16T18:15:00","modified_gmt":"2026-03-16T09:15:00","slug":"inicio","status":"publish","type":"page","link":"https:\/\/adiosestupenda.com\/","title":{"rendered":"Inicio"},"content":{"rendered":"\n<div style=\"background-color: #FCFBFA; padding: 5rem 1rem;\">\n    <div style=\"max-width: 800px; margin: 0 auto; text-align: center; font-family: -apple-system, BlinkMacSystemFont, 'Segoe UI', Roboto, Helvetica, Arial, sans-serif;\">\n        <h1 style=\"font-size: clamp(2.5rem, 5vw, 4rem); font-weight: 800; line-height: 1.15; margin-bottom: 1.5rem; color: #2F2D2C; letter-spacing: -0.02em;\">Tu vida. Tus reglas. Sin perfecci\u00f3n.<\/h1>\n        <p style=\"font-size: 1.25rem; color: #4A4643; margin-bottom: 2.\/adios-a-la-madre-estupenda-por-que-deje-de-sentir-culpa-con-mis-hijos\/\/category\/culpa-y-maternidad\/5rem; line-height: 1.6;\">Deja de perseguir esa agotadora ilusi\u00f3n de ser \u00abLa Mujer Estupenda\u00bb.<br>Descubre c\u00f3mo sobrevivir sin culpa y reescribir tus propias normas de \u00e9xito.<\/p>\n        <a href=\"\/recursos\" style=\"display: inline-block; background-color: #2F2D2C; color: #ffffff; padding: 1rem 2.5rem; border-radius: 8px; text-decoration: none; font-weight: bold; font-size: 1.1rem; transition: opacity 0.2s;\">Obtener Gu\u00eda Gratuita<\/a>\n    <\/div>\n<\/div>\n\n<div style=\"max-width: 1100px; margin: 4rem auto; padding: 0 1.5rem; font-family: -apple-system, BlinkMacSystemFont, 'Segoe UI', Roboto, Helvetica, Arial, sans-serif;\">\n    <h2 style=\"text-align: center; font-size: 2.2rem; font-weight: 700; margin-bottom: 0.5rem; color: #2F2D2C;\">Empieza por aqu\u00ed<\/h2>\n    <p style=\"text-align: center; color: #6B7280; margin-bottom: 3.5rem; font-size: 1.1rem;\">Tres lecturas esenciales para iniciar tu rebeli\u00f3n contra la perfecci\u00f3n.<\/p>\n\n    <!-- Resilient Grid Layout -->\n    <div style=\"display: grid; grid-template-columns: repeat(auto-fit, minmax(280px, 1fr)); gap: 2rem;\">\n        \n        <!-- Card 1 -->\n        <a href=\"\/adios-a-la-madre-estupenda-por-que-deje-de-sentir-culpa-con-mis-hijos\/\" style=\"text-decoration: none; color: inherit; display: block;\">\n            <div style=\"border: 1px solid #E5E7EB; border-radius: 16px; padding: 2rem; background: #ffffff; height: 100%; box-sizing: border-box; transition: box-shadow 0.2s; box-shadow: 0 4px 6px -1px rgba(0,0,0,0.05);\">\n                <span style=\"display: inline-block; font-size: 0.875rem; font-weight: 700; color: #C89F8D; margin-bottom: 0.75rem; text-transform: uppercase; letter-spacing: 0.05em;\">Lectura 1<\/span>\n                <h3 style=\"font-size: 1.35rem; font-weight: 700; margin-top: 0; margin-bottom: 1rem; color: #2F2D2C; line-height: 1.4;\">Adi\u00f3s a la \u00abMadre Estupenda\u00bb<\/h3>\n                <p style=\"color: #4A4643; margin-top: 0; margin-bottom: 1.5rem; line-height: 1.6; font-size: 1rem;\">Por qu\u00e9 dej\u00e9 de sentir culpa con mis hijos y c\u00f3mo separo mi identidad de mi rol maternal.<\/p>\n                <span style=\"color: #C89F8D; font-weight: 700; font-size: 1.05rem;\">Leer art\u00edculo &rarr;<\/span>\n            <\/div>\n        <\/a>\n\n        <!-- Card 2 -->\n        <a href=\"\/?p=30\" style=\"text-decoration: none; color: inherit; display: block;\">\n            <div style=\"border: 1px solid #E5E7EB; border-radius: 16px; padding: 2rem; background: #ffffff; height: 100%; box-sizing: border-box; transition: box-shadow 0.2s; box-shadow: 0 4px 6px -1px rgba(0,0,0,0.05);\">\n                 <span style=\"display: inline-block; font-size: 0.875rem; font-weight: 700; color: #C89F8D; margin-bottom: 0.75rem; text-transform: uppercase; letter-spacing: 0.05em;\">Lectura 2<\/span>\n                <h3 style=\"font-size: 1.35rem; font-weight: 700; margin-top: 0; margin-bottom: 1rem; color: #2F2D2C; line-height: 1.4;\">El trabajo y la identidad<\/h3>\n                <p style=\"color: #4A4643; margin-top: 0; margin-bottom: 1.5rem; line-height: 1.6; font-size: 1rem;\">Desconecta sin miedo al fracaso profesional y protege tu paz mental en casa.<\/p>\n                <span style=\"color: #C89F8D; font-weight: 700; font-size: 1.05rem;\">Leer art\u00edculo &rarr;<\/span>\n            <\/div>\n        <\/a>\n\n        <!-- Card 3 -->\n        <a href=\"\/?p=33\" style=\"text-decoration: none; color: inherit; display: block;\">\n            <div style=\"border: 1px solid #E5E7EB; border-radius: 16px; padding: 2rem; background: #ffffff; height: 100%; box-sizing: border-box; transition: box-shadow 0.2s; box-shadow: 0 4px 6px -1px rgba(0,0,0,0.05);\">\n                <span style=\"display: inline-block; font-size: 0.875rem; font-weight: 700; color: #C89F8D; margin-bottom: 0.75rem; text-transform: uppercase; letter-spacing: 0.05em;\">Lectura 3<\/span>\n                <h3 style=\"font-size: 1.35rem; font-weight: 700; margin-top: 0; margin-bottom: 1rem; color: #2F2D2C; line-height: 1.4;\">La paz mental y el filtro<\/h3>\n                <p style=\"color: #4A4643; margin-top: 0; margin-bottom: 1.5rem; line-height: 1.6; font-size: 1rem;\">Aprende que el asfixiante \u00abqu\u00e9 dir\u00e1n\u00bb no es la verdad, es solo tu filtro personal.<\/p>\n                <span style=\"color: #C89F8D; font-weight: 700; font-size: 1.05rem;\">Leer art\u00edculo &rarr;<\/span>\n            <\/div>\n        <\/a>\n\n        <!-- Card 4 -->\n        <a href=\"\/?p=36\" style=\"text-decoration: none; color: inherit; display: block;\">\n            <div style=\"border: 1px solid #E5E7EB; border-radius: 16px; padding: 2rem; background: #ffffff; height: 100%; box-sizing: border-box; transition: box-shadow 0.2s; box-shadow: 0 4px 6px -1px rgba(0,0,0,0.05);\">\n                <span style=\"display: inline-block; font-size: 0.875rem; font-weight: 700; color: #C89F8D; margin-bottom: 0.75rem; text-transform: uppercase; letter-spacing: 0.05em;\">Lectura 4<\/span>\n                <h3 style=\"font-size: 1.35rem; font-weight: 700; margin-top: 0; margin-bottom: 1rem; color: #2F2D2C; line-height: 1.4;\">La ilusi\u00f3n de la motivaci\u00f3n<\/h3>\n                <p style=\"color: #4A4643; margin-top: 0; margin-bottom: 1.5rem; line-height: 1.6; font-size: 1rem;\">Descubre por qu\u00e9 la acci\u00f3n inmediata es la \u00fanica cura para el perfeccionismo t\u00f3xico.<\/p>\n                <span style=\"color: #C89F8D; font-weight: 700; font-size: 1.05rem;\">Leer art\u00edculo &rarr;<\/span>\n            <\/div>\n        <\/a>\n\n        <!-- Card 5 -->\n        <a href=\"\/?p=39\" style=\"text-decoration: none; color: inherit; display: block;\">\n            <div style=\"border: 1px solid #E5E7EB; border-radius: 16px; padding: 2rem; background: #ffffff; height: 100%; box-sizing: border-box; transition: box-shadow 0.2s; box-shadow: 0 4px 6px -1px rgba(0,0,0,0.05);\">\n                <span style=\"display: inline-block; font-size: 0.875rem; font-weight: 700; color: #C89F8D; margin-bottom: 0.75rem; text-transform: uppercase; letter-spacing: 0.05em;\">Lectura 5<\/span>\n                <h3 style=\"font-size: 1.35rem; font-weight: 700; margin-top: 0; margin-bottom: 1rem; color: #2F2D2C; line-height: 1.4;\">Dinero y Supervivencia<\/h3>\n                <p style=\"color: #4A4643; margin-top: 0; margin-bottom: 1.5rem; line-height: 1.6; font-size: 1rem;\">C\u00f3mo destruir el complejo de inferioridad familiar ampliando tu visi\u00f3n financiera.<\/p>\n                <span style=\"color: #C89F8D; font-weight: 700; font-size: 1.05rem;\">Leer art\u00edculo &rarr;<\/span>\n            <\/div>\n        <\/a>\n\n        <!-- Card 6 -->\n        <a href=\"\/?p=42\" style=\"text-decoration: none; color: inherit; display: block;\">\n            <div style=\"border: 1px solid #E5E7EB; border-radius: 16px; padding: 2rem; background: #ffffff; height: 100%; box-sizing: border-box; transition: box-shadow 0.2s; box-shadow: 0 4px 6px -1px rgba(0,0,0,0.05);\">\n                <span style=\"display: inline-block; font-size: 0.875rem; font-weight: 700; color: #C89F8D; margin-bottom: 0.75rem; text-transform: uppercase; letter-spacing: 0.05em;\">Lectura 6<\/span>\n                <h3 style=\"font-size: 1.35rem; font-weight: 700; margin-top: 0; margin-bottom: 1rem; color: #2F2D2C; line-height: 1.4;\">Relaciones Humanas<\/h3>\n                <p style=\"color: #4A4643; margin-top: 0; margin-bottom: 1.5rem; line-height: 1.6; font-size: 1rem;\">Suelta la necesidad de controlar a los dem\u00e1s y recupera tu poder personal definitivo.<\/p>\n                <span style=\"color: #C89F8D; font-weight: 700; font-size: 1.05rem;\">Leer art\u00edculo &rarr;<\/span>\n            <\/div>\n        <\/a>\n\n    <\/div>\n<\/div>\n","protected":false},"excerpt":{"rendered":"<p>Tu vida. Tus reglas. Sin perfecci\u00f3n. Deja de perseguir esa agotadora ilusi\u00f3n de ser \u00abLa Mujer Estupenda\u00bb.Descubre c\u00f3mo sobrevivir sin culpa y reescribir tus propias normas de \u00e9xito. Obtener Gu\u00eda Gratuita Empieza por aqu\u00ed Tres lecturas esenciales para iniciar tu rebeli\u00f3n contra la perfecci\u00f3n. Lectura 1 Adi\u00f3s a la \u00abMadre Estupenda\u00bb Por qu\u00e9 dej\u00e9 de &#8230; <a title=\"Inicio\" class=\"read-more\" href=\"https:\/\/adiosestupenda.com\/\" aria-label=\"Leer m\u00e1s sobre Inicio\">Leer m\u00e1s<\/a><\/p>\n","protected":false},"author":1,"featured_media":0,"parent":0,"menu_order":0,"comment_status":"closed","ping_status":"closed","template":"","meta":{"_acf_changed":false,"footnotes":""},"class_list":["post-16","page","type-page","status-publish"],"acf":[],"yoast_head":"<!-- This site is optimized with the Yoast SEO plugin v27.4 - https:\/\/yoast.com\/product\/yoast-seo-wordpress\/ -->\n<title>Inicio - Adi\u00f3s, Estupenda<\/title>\n<meta name=\"robots\" content=\"index, follow, max-snippet:-1, max-image-preview:large, max-video-preview:-1\" \/>\n<link rel=\"canonical\" href=\"https:\/\/adiosestupenda.com\/\" \/>\n<meta property=\"og:locale\" content=\"es_ES\" \/>\n<meta property=\"og:type\" content=\"article\" \/>\n<meta property=\"og:title\" content=\"Inicio - Adi\u00f3s, Estupenda\" \/>\n<meta property=\"og:description\" content=\"Tu vida. Tus reglas. Sin perfecci\u00f3n. Deja de perseguir esa agotadora ilusi\u00f3n de ser \u00abLa Mujer Estupenda\u00bb.Descubre c\u00f3mo sobrevivir sin culpa y reescribir tus propias normas de \u00e9xito. Obtener Gu\u00eda Gratuita Empieza por aqu\u00ed Tres lecturas esenciales para iniciar tu rebeli\u00f3n contra la perfecci\u00f3n. Lectura 1 Adi\u00f3s a la \u00abMadre Estupenda\u00bb Por qu\u00e9 dej\u00e9 de ... Leer m\u00e1s\" \/>\n<meta property=\"og:url\" content=\"https:\/\/adiosestupenda.com\/\" \/>\n<meta property=\"og:site_name\" content=\"Adi\u00f3s, Estupenda\" \/>\n<meta property=\"article:modified_time\" content=\"2026-03-16T09:15:00+00:00\" \/>\n<meta name=\"twitter:card\" content=\"summary_large_image\" \/>\n<meta name=\"twitter:label1\" content=\"Tiempo de lectura\" \/>\n\t<meta name=\"twitter:data1\" content=\"1 minuto\" \/>\n<script type=\"application\/ld+json\" class=\"yoast-schema-graph\">{\"@context\":\"https:\\\/\\\/schema.org\",\"@graph\":[{\"@type\":\"WebPage\",\"@id\":\"https:\\\/\\\/adiosestupenda.com\\\/\",\"url\":\"https:\\\/\\\/adiosestupenda.com\\\/\",\"name\":\"Inicio - Adi\u00f3s, Estupenda\",\"isPartOf\":{\"@id\":\"https:\\\/\\\/adiosestupenda.com\\\/#website\"},\"datePublished\":\"2026-03-12T09:16:03+00:00\",\"dateModified\":\"2026-03-16T09:15:00+00:00\",\"breadcrumb\":{\"@id\":\"https:\\\/\\\/adiosestupenda.com\\\/#breadcrumb\"},\"inLanguage\":\"es\",\"potentialAction\":[{\"@type\":\"ReadAction\",\"target\":[\"https:\\\/\\\/adiosestupenda.com\\\/\"]}]},{\"@type\":\"BreadcrumbList\",\"@id\":\"https:\\\/\\\/adiosestupenda.com\\\/#breadcrumb\",\"itemListElement\":[{\"@type\":\"ListItem\",\"position\":1,\"name\":\"Home\",\"item\":\"https:\\\/\\\/adiosestupenda.com\\\/\"},{\"@type\":\"ListItem\",\"position\":2,\"name\":\"Inicio\"}]},{\"@type\":\"WebSite\",\"@id\":\"https:\\\/\\\/adiosestupenda.com\\\/#website\",\"url\":\"https:\\\/\\\/adiosestupenda.com\\\/\",\"name\":\"Adi\u00f3s, Estupenda\",\"description\":\"Tu vida, tus reglas, sin perfecci\u00f3n\",\"publisher\":{\"@id\":\"https:\\\/\\\/adiosestupenda.com\\\/#organization\"},\"potentialAction\":[{\"@type\":\"SearchAction\",\"target\":{\"@type\":\"EntryPoint\",\"urlTemplate\":\"https:\\\/\\\/adiosestupenda.com\\\/?s={search_term_string}\"},\"query-input\":{\"@type\":\"PropertyValueSpecification\",\"valueRequired\":true,\"valueName\":\"search_term_string\"}}],\"inLanguage\":\"es\"},{\"@type\":\"Organization\",\"@id\":\"https:\\\/\\\/adiosestupenda.com\\\/#organization\",\"name\":\"Adi\u00f3s, Estupenda\",\"url\":\"https:\\\/\\\/adiosestupenda.com\\\/\",\"logo\":{\"@type\":\"ImageObject\",\"inLanguage\":\"es\",\"@id\":\"https:\\\/\\\/adiosestupenda.com\\\/#\\\/schema\\\/logo\\\/image\\\/\",\"url\":\"https:\\\/\\\/adiosestupenda.com\\\/wp-content\\\/uploads\\\/2026\\\/03\\\/cropped-adios_estupenda_logo_v3_neon_1773293385053.png\",\"contentUrl\":\"https:\\\/\\\/adiosestupenda.com\\\/wp-content\\\/uploads\\\/2026\\\/03\\\/cropped-adios_estupenda_logo_v3_neon_1773293385053.png\",\"width\":640,\"height\":256,\"caption\":\"Adi\u00f3s, Estupenda\"},\"image\":{\"@id\":\"https:\\\/\\\/adiosestupenda.com\\\/#\\\/schema\\\/logo\\\/image\\\/\"}}]}<\/script>\n<!-- \/ Yoast SEO plugin. -->","yoast_head_json":{"title":"Inicio - Adi\u00f3s, Estupenda","robots":{"index":"index","follow":"follow","max-snippet":"max-snippet:-1","max-image-preview":"max-image-preview:large","max-video-preview":"max-video-preview:-1"},"canonical":"https:\/\/adiosestupenda.com\/","og_locale":"es_ES","og_type":"article","og_title":"Inicio - Adi\u00f3s, Estupenda","og_description":"Tu vida. Tus reglas. Sin perfecci\u00f3n. Deja de perseguir esa agotadora ilusi\u00f3n de ser \u00abLa Mujer Estupenda\u00bb.Descubre c\u00f3mo sobrevivir sin culpa y reescribir tus propias normas de \u00e9xito. Obtener Gu\u00eda Gratuita Empieza por aqu\u00ed Tres lecturas esenciales para iniciar tu rebeli\u00f3n contra la perfecci\u00f3n. Lectura 1 Adi\u00f3s a la \u00abMadre Estupenda\u00bb Por qu\u00e9 dej\u00e9 de ... Leer m\u00e1s","og_url":"https:\/\/adiosestupenda.com\/","og_site_name":"Adi\u00f3s, Estupenda","article_modified_time":"2026-03-16T09:15:00+00:00","twitter_card":"summary_large_image","twitter_misc":{"Tiempo de lectura":"1 minuto"},"schema":{"@context":"https:\/\/schema.org","@graph":[{"@type":"WebPage","@id":"https:\/\/adiosestupenda.com\/","url":"https:\/\/adiosestupenda.com\/","name":"Inicio - Adi\u00f3s, Estupenda","isPartOf":{"@id":"https:\/\/adiosestupenda.com\/#website"},"datePublished":"2026-03-12T09:16:03+00:00","dateModified":"2026-03-16T09:15:00+00:00","breadcrumb":{"@id":"https:\/\/adiosestupenda.com\/#breadcrumb"},"inLanguage":"es","potentialAction":[{"@type":"ReadAction","target":["https:\/\/adiosestupenda.com\/"]}]},{"@type":"BreadcrumbList","@id":"https:\/\/adiosestupenda.com\/#breadcrumb","itemListElement":[{"@type":"ListItem","position":1,"name":"Home","item":"https:\/\/adiosestupenda.com\/"},{"@type":"ListItem","position":2,"name":"Inicio"}]},{"@type":"WebSite","@id":"https:\/\/adiosestupenda.com\/#website","url":"https:\/\/adiosestupenda.com\/","name":"Adi\u00f3s, Estupenda","description":"Tu vida, tus reglas, sin perfecci\u00f3n","publisher":{"@id":"https:\/\/adiosestupenda.com\/#organization"},"potentialAction":[{"@type":"SearchAction","target":{"@type":"EntryPoint","urlTemplate":"https:\/\/adiosestupenda.com\/?s={search_term_string}"},"query-input":{"@type":"PropertyValueSpecification","valueRequired":true,"valueName":"search_term_string"}}],"inLanguage":"es"},{"@type":"Organization","@id":"https:\/\/adiosestupenda.com\/#organization","name":"Adi\u00f3s, Estupenda","url":"https:\/\/adiosestupenda.com\/","logo":{"@type":"ImageObject","inLanguage":"es","@id":"https:\/\/adiosestupenda.com\/#\/schema\/logo\/image\/","url":"https:\/\/adiosestupenda.com\/wp-content\/uploads\/2026\/03\/cropped-adios_estupenda_logo_v3_neon_1773293385053.png","contentUrl":"https:\/\/adiosestupenda.com\/wp-content\/uploads\/2026\/03\/cropped-adios_estupenda_logo_v3_neon_1773293385053.png","width":640,"height":256,"caption":"Adi\u00f3s, Estupenda"},"image":{"@id":"https:\/\/adiosestupenda.com\/#\/schema\/logo\/image\/"}}]}},"_hostinger_reach_plugin_has_subscription_block":false,"_hostinger_reach_plugin_is_elementor":false,"_links":{"self":[{"href":"https:\/\/adiosestupenda.com\/index.php?rest_route=\/wp\/v2\/pages\/16","targetHints":{"allow":["GET"]}}],"collection":[{"href":"https:\/\/adiosestupenda.com\/index.php?rest_route=\/wp\/v2\/pages"}],"about":[{"href":"https:\/\/adiosestupenda.com\/index.php?rest_route=\/wp\/v2\/types\/page"}],"author":[{"embeddable":true,"href":"https:\/\/adiosestupenda.com\/index.php?rest_route=\/wp\/v2\/users\/1"}],"replies":[{"embeddable":true,"href":"https:\/\/adiosestupenda.com\/index.php?rest_route=%2Fwp%2Fv2%2Fcomments&post=16"}],"version-history":[{"count":14,"href":"https:\/\/adiosestupenda.com\/index.php?rest_route=\/wp\/v2\/pages\/16\/revisions"}],"predecessor-version":[{"id":68,"href":"https:\/\/adiosestupenda.com\/index.php?rest_route=\/wp\/v2\/pages\/16\/revisions\/68"}],"wp:attachment":[{"href":"https:\/\/adiosestupenda.com\/index.php?rest_route=%2Fwp%2Fv2%2Fmedia&parent=16"}],"curies":[{"name":"wp","href":"https:\/\/api.w.org\/{rel}","templated":true}]}}